{"id":1240,"date":"2022-09-11T07:50:15","date_gmt":"2022-09-11T05:50:15","guid":{"rendered":"https:\/\/www.forever66.ch\/?page_id=1240"},"modified":"2024-02-18T06:17:12","modified_gmt":"2024-02-18T05:17:12","slug":"interclub-2023-2","status":"publish","type":"page","link":"https:\/\/www.forever66.ch\/index.php\/interclub-2023-2\/","title":{"rendered":"Saison 2023"},"content":{"rendered":"\n<h2>\n\t\tInterclub Saison 2023\n\t<\/h2>\n\t\t\t\t<img loading=\"lazy\" decoding=\"async\" src=\"https:\/\/www.forever66.ch\/wp-content\/uploads\/2022\/03\/Target_Ziel_ricardo-arce-cY_TCKr5bek-unsplash-2048x1414.jpg\" alt=\"Target_Ziel_ricardo-arce-cY_TCKr5bek-unsplash\" itemprop=\"image\" height=\"1414\" width=\"2048\" title=\"Target_Ziel_ricardo-arce-cY_TCKr5bek-unsplash\" onerror=\"this.style.display='none'\"  \/>\n<h2>\n\t\tZiel: Ligaerhalt in die 35+ 2L Herren \n\t<\/h2>\n\t<p>Unser Ziel f\u00fcr die kommende Interclub Saison 2023 war fr\u00fchzeitig den Ligaerhalt in der 35+ 2 Liga Herren Gruppe 14 zu sichern. Damit wir unser Saisonziel erreichen k\u00f6nnen, m\u00fcssen wir in der Gruppe 14 ersten oder zweiten werden, ansonsten gehen wir in die Abstiegsrunde und haben beim letzten Spiel die Chance den Ligaerhalt zu schaffen.<\/p>\n\t\t\t<a href=\"\" target=\"_self\" rel=\"noopener\">\n\t\t\t\t\t\t\tCooming soon Pr\u00e4sentation Kick-Off Meeting IC Saison 2023\n\t\t\t<\/a>\n<h2>\n\t\tSchlussrangliste 35+ 2 Liga Herren Gruppe 14 (Stand, 11. Juni 2023)\n\t<\/h2>\n\t\t\t\t<a href=\"https:\/\/www.mytennis.ch\/de\/interclub\/gruppenergebnisse?leagueId=17&#038;group=14&#038;year=2023\" target=\"_self\" itemprop=\"url\" rel=\"noopener\">\n\t\t\t\t<img loading=\"lazy\" decoding=\"async\" src=\"https:\/\/www.forever66.ch\/wp-content\/uploads\/2023\/06\/Rangliste-35-2-Liga-Herren-Gruppe-14-Stand-11.6.2023.jpg\" alt=\"Rangliste 35+ 2 Liga Herren Gruppe 14 Stand, 11.6.2023\" itemprop=\"image\" height=\"369\" width=\"1132\" title=\"Rangliste 35+ 2 Liga Herren Gruppe 14 Stand, 11.6.2023\" onerror=\"this.style.display='none'\"  \/>\n\t\t\t\t<\/a>\n<h4>\n\t\tSa 6. Mai 2023 um 09:00 Uhr\n\t<\/h4>\n<h2>\n\t\t1. Interclub Runde TC Neftenbach (away)\n\t<\/h2>\n\t\t\t\t<a href=\"https:\/\/tcneftenbach.ch\/\" target=\"_self\" itemprop=\"url\" rel=\"noopener\">\n\t\t\t\t<img loading=\"lazy\" decoding=\"async\" src=\"https:\/\/www.forever66.ch\/wp-content\/uploads\/2023\/03\/Logo-TC-Neftenbach-150x150.jpg\" alt=\"Logo TC Neftenbach\" itemprop=\"image\" height=\"150\" width=\"150\" title=\"Logo TC Neftenbach\" onerror=\"this.style.display='none'\"  \/>\n\t\t\t\t<\/a>\n\t\t\t\t<a href=\"https:\/\/tcneftenbach.ch\/\" target=\"_self\" itemprop=\"url\" rel=\"noopener\">\n\t\t\t\t<img loading=\"lazy\" decoding=\"async\" src=\"https:\/\/www.forever66.ch\/wp-content\/uploads\/2021\/12\/IC_Saison_komprimiert_darko-nesic-VZEnVM6c1lY-unsplash-1024x768.jpg\" alt=\"IC_Saison_komprimiert_darko-nesic-VZEnVM6c1lY-unsplash\" itemprop=\"image\" height=\"768\" width=\"1024\" title=\"IC_Saison_komprimiert_darko-nesic-VZEnVM6c1lY-unsplash\" onerror=\"this.style.display='none'\"  \/>\n\t\t\t\t<\/a>\n\t<p>Wir spielen das erste Ausw\u00e4rtsspiel gegen den TC Neftenbach um 09.00 Uhr ist Spielbeginn. Wir werden uns 08:00 Uhr beim Clubhaus Blau-Weiss Uster besammeln und Fahrgemeinschaften bilden. Die Mannschaft konnte im Jahr 2022 die Gruppenphase mit 17 Punkten und somit den zweiten Platz sichern. Im Aufstiegsspiel hatten Sie keine Chance und verloren die Partie mit 1:8 gegen TC Geroldswil, die dann auch das zweite Ausw\u00e4rtsspiel gewannen und in die 35+ 1 Liga aufstiegen.<\/p>\n\t\t\t<a href=\"\" target=\"_self\" rel=\"noopener\">\n\t\t\t\t\t\t\tTeam TC Neftenbach\n\t\t\t<\/a>\n\t\t\t<a href=\"https:\/\/www.forever66.ch\/wp-content\/uploads\/2023\/05\/Interclub-Saison-2023-Runde-1-TC-Neftenbach-TC-Blau-Weiss-Uster.pdf\" target=\"_self\" rel=\"noopener\">\n\t\t\t\t\t\t\t Runde 1 &#8211; Resultate\n\t\t\t<\/a>\n<h4>\n\t\tSo. 14. Mai 2023 um 10.30 Uhr\n\t<\/h4>\n<h2>\n\t\t2 . Interclub Runde TC Rolli-Seuzach (away)\n\t<\/h2>\n\t\t\t\t<a href=\"https:\/\/tcrolli-seuzach.ch\/\" target=\"_self\" itemprop=\"url\" rel=\"noopener\">\n\t\t\t\t<img loading=\"lazy\" decoding=\"async\" src=\"https:\/\/www.forever66.ch\/wp-content\/uploads\/2023\/03\/Logo-TC-Rolli-Seuzach-150x150.png\" alt=\"Logo TC Rolli-Seuzach\" itemprop=\"image\" height=\"150\" width=\"150\" title=\"Logo TC Rolli-Seuzach\" onerror=\"this.style.display='none'\"  \/>\n\t\t\t\t<\/a>\n\t\t\t\t<a href=\"https:\/\/tcneftenbach.ch\/\" target=\"_self\" itemprop=\"url\" rel=\"noopener\">\n\t\t\t\t<img loading=\"lazy\" decoding=\"async\" src=\"https:\/\/www.forever66.ch\/wp-content\/uploads\/2021\/12\/Praesenzliste_IC_komprimiert_matthias-david-0wbYOLZwDPY-unsplash-1024x768.jpg\" alt=\"Pr\u00e4senzliste_IC_komprimiert_matthias-david-0wbYOLZwDPY-unsplash\" itemprop=\"image\" height=\"768\" width=\"1024\" title=\"Pr\u00e4senzliste_IC_komprimiert_matthias-david-0wbYOLZwDPY-unsplash\" onerror=\"this.style.display='none'\"  \/>\n\t\t\t\t<\/a>\n\t<p>Wir spielen auch das zweite Gruppenspiel ausw\u00e4rts gegen den TC\u00a0Rolli-Seuzach am Sonntag um 10:30 Uhr ist Spielbeginn. Treffpunkt bei unserem Clubhaus um 09:30 Uhr. Die Mannschaft konnte im Jahr 2022 die Gruppenphase mit dem zweiten Platz mit 14 Punkten abschliessen. Was sehr erfreulich war, mit dieser Punktzahl und Sie waren in den letzten Jahren eher in der Abstiegsrunde anzutreffen. Mit grosser Motivation und Teamspirit gewannen Sie das erste Aufstiegsspiel mit 6:3 gegen Tennisclub St. Gallen und im zweiten Aufstiegsspiel verloren Sie die Partie mit 1:5 gegen den Tennisclub T\u00fcbach, die dann in die 35+ 1 Liga Herren aufstiegen.<\/p>\n\t\t\t<a href=\"\" target=\"_self\" rel=\"noopener\">\n\t\t\t\t\t\t\tTeam TC Rolli-Seuzach\n\t\t\t<\/a>\n\t\t\t<a href=\"https:\/\/www.forever66.ch\/wp-content\/uploads\/2023\/05\/2-Runde-away-TC-Rolli-Seuzach-Interclub-Saison-14.5.2023.pdf\" target=\"_self\" rel=\"noopener\">\n\t\t\t\t\t\t\t Runde 2 &#8211; M\u00f6gliche Begegnung\n\t\t\t<\/a>\n<h4>\n\t\tSa. 20. Mai 2023 um 09:00 Uhr\n\t<\/h4>\n<h2>\n\t\t3 . Interclub Runde TC Oberi (home)\n\t<\/h2>\n\t\t\t\t<a href=\"https:\/\/tcrolli-seuzach.ch\/\" target=\"_self\" itemprop=\"url\" rel=\"noopener\">\n\t\t\t\t<img loading=\"lazy\" decoding=\"async\" src=\"https:\/\/www.forever66.ch\/wp-content\/uploads\/2023\/03\/Image-TC-Oberi-150x150.jpg\" alt=\"Image TC Oberi\" itemprop=\"image\" height=\"150\" width=\"150\" title=\"Image TC Oberi\" onerror=\"this.style.display='none'\"  \/>\n\t\t\t\t<\/a>\n\t\t\t\t<a href=\"https:\/\/tcneftenbach.ch\/\" target=\"_self\" itemprop=\"url\" rel=\"noopener\">\n\t\t\t\t<img loading=\"lazy\" decoding=\"async\" src=\"https:\/\/www.forever66.ch\/wp-content\/uploads\/2021\/12\/IC_Saison_komprimiert_darko-nesic-VZEnVM6c1lY-unsplash-scaled.jpg\" alt=\"IC_Saison_komprimiert_darko-nesic-VZEnVM6c1lY-unsplash\" itemprop=\"image\" height=\"1920\" width=\"2560\" title=\"IC_Saison_komprimiert_darko-nesic-VZEnVM6c1lY-unsplash\" onerror=\"this.style.display='none'\"  \/>\n\t\t\t\t<\/a>\n\t<p>Wir spielen das dritte Gruppenspiel zu Hause am Samstag, 20. Mai 2023 um 09.00 Uhr und empfangen den TC Oberi (Winterthur). Die Mannschaft hatte in der aktiven <a href=\"https:\/\/www.mytennis.ch\/de\/interclub\/teamergebnisse?teamId=12610&amp;year=2022\">1 Liga Herren Gruppe 15<\/a> den letzten Platz mit 4 von m\u00f6glichen 27 Punkten beendet. Das Abstiegsspiel traten Sie gegen Tennisclub Klosters (GR) ausw\u00e4rts an, Sie verloren das Entscheidungsspiel mit 8:1 und haben sich nach dem definitiven Abstieg entschieden in der 35+ 2 Liga Herren Fuss zu fassen. Der TC Oberi ist die j\u00fcngste Mannschaft unserer Gruppe und sicher ein anderes Tempo gew\u00f6hnt als wir in der ehemaligen 3 Liga, es sind mindestens zwei Liga-Unterschied von der 1 Liga Herren aktiv zu unserer ehemaligen 35+ 3 Liga Herren.<\/p>\n\t\t\t<a href=\"\" target=\"_self\" rel=\"noopener\">\n\t\t\t\t\t\t\tTeam TC Oberi\n\t\t\t<\/a>\n\t\t\t<a href=\"\" target=\"_self\" rel=\"noopener\">\n\t\t\t\t\t\t\t M\u00f6gliche Runde 4 &#8211; Begegnung\n\t\t\t<\/a>\n<h4>\n\t\tSamstag, 10. Juni 2023,  09:00 Uhr\n\t<\/h4>\n<h2>\n\t\tInterclub Runde 4 &#8211; TC Zell (away)\n\t<\/h2>\n\t<p>Das vierte und bereits die\u00a0letzte Interclub-Begegnung der Saison 2023 werden wir ausw\u00e4rts beim TC Zell auf zwei TennisForce ES Ganzjahrespl\u00e4tze austragen d\u00fcrfen. Der Gegner TC Zell ist eine j\u00fcngere Jungsenioren-Mannschaft, dass Durchschnittsalter ist etwa 43 Jahre jung. Dieser Begegnung heisst es f\u00fcr uns alle, verloren verboten f\u00fcr den Ligaerhalt noch sicherzustellen.<\/p>\n\t\t\t<a href=\"\" target=\"_self\" rel=\"noopener\">\n\t\t\t\t\t\t\tTeam TC xxxxx\n\t\t\t<\/a>\n\t\t\t\t<a href=\"https:\/\/www.mytennis.ch\/de\/interclub\/gruppenergebnisse?leagueId=17&#038;group=13&#038;year=2023\" target=\"_self\" itemprop=\"url\" rel=\"noopener\">\n\t\t\t\t<img loading=\"lazy\" decoding=\"async\" src=\"https:\/\/www.forever66.ch\/wp-content\/uploads\/2023\/06\/Rangliste-35-2-Liga-Herren-Gruppe-13-Stand-11.6.2023.jpg\" alt=\"Rangliste 35+ 2 Liga Herren Gruppe 13 Stand, 11.6.2023\" itemprop=\"image\" height=\"362\" width=\"1131\" title=\"Rangliste 35+ 2 Liga Herren Gruppe 13 Stand, 11.6.2023\" onerror=\"this.style.display='none'\"  \/>\n\t\t\t\t<\/a>\n<h2>\n\t\tErsatzdaten Interclub Saison 2023\n\t<\/h2>\n\t<p>Wir haben w\u00e4hrend unserer Interclub Saison sieben Ersatzdaten wir die vier Interclub-Begegnungen nachholen k\u00f6nnten, wenn uns das Wetter einen Strich durch den Spielplan machen w\u00fcrde Das Ziel ist es, dass wir pro Runde mit Minimum sieben Spieler antreten werden.<\/p>\n\t<strong>Ersatz 1<br \/>\n<\/strong><em>18. Mai 2023 (Auffahrt)<\/em><strong><br \/>\n<\/strong>\n\t<strong>Ersatz 2<br \/>\n<\/strong><em>27. Mai 2022 (Pfingstsamstag)<\/em><strong><br \/>\n<\/strong>\n\t<strong>Ersatz 3<br \/>\n<\/strong><em>29. Mai. 2023 (Pfingstmontag)<\/em><strong><br \/>\n<\/strong>\n\t<strong>Ersatz 4<br \/>\n<\/strong>Sa. 3.\/So. 4. Juni\n\t<strong>Ersatz 5<br \/>\n<\/strong><em>18.\/19. Juni 2023<\/em><strong><br \/>\n<\/strong>\n\t\t\t<a href=\"https:\/\/www.forever66.ch\/wp-content\/uploads\/2022\/09\/ic_spieldaten_2023_d.pdf\" target=\"_self\" rel=\"noopener\">\n\t\t\t\t\t\t\tSwisstennis IC Spieldaten 2023\n\t\t\t<\/a>\n\t\t\t<a href=\"\" target=\"_self\" rel=\"noopener\">\n\t\t\t\t\t\t\tPr\u00e4senzliste Interclub 2023\n\t\t\t<\/a>\n\t\t\t<a href=\"https:\/\/www.forever66.ch\/index.php\/events\/\" target=\"_self\" rel=\"noopener\">\n\t\t\t\t\t\t\tDer Eventkalender\n\t\t\t<\/a>\n<h3>\n\t\tMannschaftsberichte \n\t<\/h3>\n<h3>\n\t\tInterclub Saison 2023\n\t<\/h3>\n<h2>\n\t\tPatrick M\u00fcnger\n\t<\/h2>\n<h3>\n\t\tErstes Gruppenspiel &#8211; TC Neftenbach (away)\n\t<\/h3>\n<h3>\n\t\tDatum: 6. Mai 2023 I 09.00 Uhr Spielbeginn\n\t<\/h3>\n\t<p>Wir traten unser erstes Gruppenspiel in der 35+ 2 Liga ausw\u00e4rts beim TC Neftenbach an. Schon im Voraus hat uns der Captain Luciano informiert, wir um 9.00 Uhr starten m\u00fcssen und vorher eingespielt werden sollte, aufgrund zwei anschliessenden Interclub Begegnungen. Wir konnten komplett mit der Mannschaft nach Neftenbach anreisen und alle waren hungrig auf die ersten Interclub-Begegnungen. Als Aufsteiger von der 35+ 3 Liga und unser Gegner in der letzten Saison 2022 die Ausstiegsspiele bestreiten konnte, war f\u00fcr uns schon im Voraus klar, unser Gegner TC Neftenbach st\u00e4rker auf Papier ist mit vier R6 Spieler und die Favoritenrolle der Heimmannschaft zugewiesen war.<\/p>\n<p>Wir starteten mit vier Einzelpartien, die Nummer 2, 3, 4 und 5 durften beginnen und die 1 und 6 kamen anschliessend nach erstem Einzel zum Einsatz. Nach den ersten vier Begegnungen stand es 2:2 und unser Neuzugang Luki konnte bereits im ersten Spiel nach seiner langen Verletzungspause seine langj\u00e4hrigen Interclub-Erfahrungen einbringen und gewann die Partie souver\u00e4n 6:1 6:4 gegen Dirk R6. Die anderen beiden einzeln Partien konnten wir ebenso gewinnen und somit Stand es bereits nach den Einzel 4:2 f\u00fcr uns. \ud83d\ude42<\/p>\n<p>Unser bestes Doppel-Team, der Krake und die Gazelle starteten auf dem Platz vier und Sie hatten den ersten Satz ohne M\u00fche mit 6:0 gewinnen k\u00f6nnen. Im zweiten Satz lief es leider nicht mehr so wie im ersten Satz und verloren mit 5:7. Sie durften in das bekannte Champions Tie-Break und mit Ihren Erfahrungen gewannen Sie das Doppel mit 10:5 und somit einen weiteren Punkt fr\u00fchzeitig sichern. Die anderen beiden Doppel haben wir leider verloren und am Schluss der ersten Interclub Begegnung stand es f\u00fcr uns 5:4 und hatten den ersten ausw\u00e4rts Sieg. Nach unseren Spielen genossen wir mit der Heimmannschaft das leckere Essen und konnten den Abend zusammen geniessen.<\/p>\n<h6>\n\t\tMannschaftsbericht erstellt am 7.5.2023\n\t<\/h6>\n\t\t\t\t<img loading=\"lazy\" decoding=\"async\" src=\"https:\/\/www.forever66.ch\/wp-content\/uploads\/2023\/05\/TC-Neftenbach-Courts.jpg\" alt=\"Sonnenuntergang\" itemprop=\"image\" height=\"853\" width=\"1173\" title=\"TC Neftenbach Courts\" onerror=\"this.style.display='none'\"  \/>\n\t\t\t\t<img loading=\"lazy\" decoding=\"async\" src=\"https:\/\/www.forever66.ch\/wp-content\/uploads\/2023\/05\/Rangliste-1-Runde-Interclub-Saison-2023.jpg\" alt=\"Rangliste 1 Runde Interclub Saison 2023\" itemprop=\"image\" height=\"204\" width=\"545\" title=\"Rangliste 1 Runde Interclub Saison 2023\" onerror=\"this.style.display='none'\"  \/>\n<h3>\n\t\tZweites Gruppenspiel &#8211; TC Rolli-Seuzach (away)\n\t<\/h3>\n<h3>\n\t\tSonntag, 14. Mai 2023 I  Spielbeginn 10.30 Uhr\n\t<\/h3>\n\t<p>Wir traten auch unser zweites Gruppenspiel ausw\u00e4rts beim TC Rolli-Seuzach an. Wir fuhren gemeinsam um 09.30 Uhr von unserem Clubhaus los und das Wetter in Uster war zum Zeitpunkt bew\u00f6lkt, sonnig und zuversichtlich, dass es Petrus mit uns gut meinte. Als wir in Winterthur-T\u00f6ss vorbeifuhren war unsere Vorfreude bereits erloschen. Das Wetter wurde immer wie grauer und die Strassen nasser bei 11 Grad kamen wir beim Tennisclub Rolli-Seuzach an. Die Zuversicht, dass wir einen wundersch\u00f6nen Sonntag, Mitte Mai erleben k\u00f6nnen, war erloschen. Wir konnten zum Gl\u00fcck <img decoding=\"async\" role=\"img\" draggable=\"false\" src=\"https:\/\/s.w.org\/images\/core\/emoji\/14.0.0\/svg\/1f340.svg\" alt=\"\ud83c\udf40\" \/> wie angesagt um 10.30 Uhr mit dem ersten Einzel beginnen und anschliessend mit zwei weiteren, nach ca. 45 Min. mussten wir alle drei Spiele unterbrechen, wegen dauerhaften Regen <img decoding=\"async\" role=\"img\" draggable=\"false\" src=\"https:\/\/s.w.org\/images\/core\/emoji\/14.0.0\/svg\/1f327.svg\" alt=\"\ud83c\udf27\ufe0f\" \/> den uns zu schaffen machte. \ud83d\ude41 Um 13.30 Uhr konnten wir wieder fortfahren, dank unseres Gegners, welche die Pl\u00e4tze mit den Rissi Saugschw\u00e4mme trocken aussaugten. Nach den ersten zwei Einzel stand es 1:1. Unser Neuzugang und Gl\u00fccksspringer Luki konnte wie bis anhin sein Spiel 7:5 4:6 und 6:1 gewinnen. Gratulation!<\/p>\n<p>Das dritte Einzel Umut hatte eine Ballwand erhalten, der Gegner spielte jeden Ball zur\u00fcck und Umut musste bei jedem Ball das Spiel bestimmen. Leider den ersten 6:4 verloren, zweiten Satz zur\u00fcckgek\u00e4mpft 4:6 gewonnen und im dritten, mehrere Regenpausen am Schluss vom Match stand es leider 6:3 f\u00fcr seinen Gegner. Beim vierten Einzel hatte Frank einen Formstarken Dirk erhalten, welche die Vorhand und Backhand ausgezeichnet auf jeden Ball voll draufh\u00e4mmerte und die Winner-Quote bei 70 % war. Frank hatte gek\u00e4mpft und Einsatz gezeigt, aber hatte keine Chance gegen Dirk dagegenzuhalten, sein Spiel verlor er 6:0 6:2.<\/p>\n<p>Die beiden letzten Einzel 5 und 6 (G\u00fcnti\/Slavi) waren wir nach den ersten S\u00e4tzen\u00a01:0 vorne, mehrere Regenpausen unterbrachen die beiden Spiele und am Schluss hatten wir leider beider Einzel verloren. (Ortszeit 20:15 Uhr)!<\/p>\n<p>Auf dem Platz 1 konnten bereits das erste Doppel 18:45 Uhr gestartet werden und w\u00e4hrend dem Spiel mussten wir eine weitere Regenpause (Zwischenstand 6:3) machen, auf dem Platz 3 nach der Regenpause konnte das Doppel doch noch austragen werden und verloren bedauerlicherweise 6:3 6:1.<\/p>\n<p>Die beiden Doppel 2 + 3 konnten gestartet werden, jedoch nicht ausgespielt werden, wegen des Katastrophenfallens Wetter und Doppel 2 (G\u00fcnti\/Slavi) hatte das Spiel am Tisch mit einem Jass ausgemacht und leider verloren.\u00a0 Das andere Doppel 3 (Reto\/Sergi bei Stand 5:2 hat man sich mit dem Gegner geeinigt, aufgrund des Wetter und Ortszeit das Spiel mit einem W\/O zu beenden.<\/p>\n<p><strong>Fazit: 8:1 verloren<\/strong><\/p>\n<ul>\n<li>Rabenschwarzer Tag erwischt<\/li>\n<li>Katastrophe Wetter f\u00fcr Mitte Mai<\/li>\n<li>Min. 5x Spielunterbr\u00fcche (Regenschauer)<\/li>\n<li>Das Gl\u00fcck war nicht auf unserer Seite<\/li>\n<li>Die Mannschaftsleistung konnten wir leider nicht abrufen<\/li>\n<li>Die Quarzsand-Pl\u00e4tze kamen uns nicht entgegen<\/li>\n<li>Resultat nicht 35+ 2 Liga Niveau w\u00fcrdig&#8230;<\/li>\n<\/ul>\n<p>&nbsp;<\/p>\n<p>&nbsp;<\/p>\n<p>&nbsp;<\/p>\n<p>&nbsp;<\/p>\n<h6>\n\t\tMannschaftsbericht erstellt am 15.5.2023\n\t<\/h6>\n\t\t\t\t<img loading=\"lazy\" decoding=\"async\" src=\"https:\/\/www.forever66.ch\/wp-content\/uploads\/2023\/05\/20230514_Jungs-am-Jassen-Pause.jpg\" alt=\"20230514_Jungs am Jassen, Pause\" itemprop=\"image\" height=\"873\" width=\"1177\" title=\"20230514_Jungs am Jassen, Pause\" onerror=\"this.style.display='none'\"  \/>\n\t\t\t\t<img loading=\"lazy\" decoding=\"async\" src=\"https:\/\/www.forever66.ch\/wp-content\/uploads\/2023\/05\/Rangliste-nach-Runde-2-IC-Saison-2023.jpg\" alt=\"Rangliste nach Runde 2 IC Saison 2023\" itemprop=\"image\" height=\"251\" width=\"556\" title=\"Rangliste nach Runde 2 IC Saison 2023\" onerror=\"this.style.display='none'\"  \/>\n<h3>\n\t\tDrittes Gruppenspiel &#8211; TC Oberi (home)\n\t<\/h3>\n<h3>\n\t\tSamstag, 20. Mai 2023 I  Spielbeginn 09:00 Uhr\n\t<\/h3>\n\t<p>Wir traten unser drittes und letztes Gruppenspiel zuhause an und empfingen den formstarken Tennisclub Oberi, welche als Leader unserer Gruppe zu uns anreisten und den Schwung aus der aktiven 1 Liga mitnahmen.<\/p>\n<p>Wir wussten von Beginn weg, dass wir nichts zu verlieren hatten und versuchten unser Heimvorteil auszunutzen. Wir konnten p\u00fcnktlich um 09:00 Uhr starten und Umut durfte Nummer 1 beginnen und der Gegner der Gastmannschaft hatte lediglich 50 Minuten f\u00fcr die beiden Gewinns\u00e4tze, Umut k\u00e4mpfte und versuchte ein Rezept zu finden aber gegen seinen starken und erfahrenen Gegner war er chancenlos und schaffte sogar ein ehren Game zu machen, Endstand war 1:6 0:6 f\u00fcr Thierry Oggenfuss.<\/p>\n<p>Unsere anderen beiden Einzel auf den Courts 2 &amp; 3 Reto hatten leider auch kaum Chancen dagegenhalten und verloren die beiden Spiele 0:6 4:6 G\u00fcnti und Reto 2:6 0:6, somit nach der ersten drei Einzel stand es nach ca. 1h 0:3 f\u00fcr die G\u00e4stemannschaft. Die den anderen drei Einzel konnten wir ebenso keinen Sieg holen und verloren alle Einzel und drei Doppel.<\/p>\n<p><strong>Fazit: 0:9 verloren<\/strong><\/p>\n<ul>\n<li>Der Gegner war klar in allen R\u00e4ngen besser vertreten als wir (2 x R5)<\/li>\n<li>Durchschnittsalter, min. 6 Jahre j\u00fcnger<\/li>\n<li>Gegner eher 35+ 1 Liga Niveau<\/li>\n<li>Zwei wichtige Spieler abwesend<\/li>\n<li>Pech mit W\/O bei Sergio, w\u00e4re ein Punkt m\u00f6glich gewesen<\/li>\n<\/ul>\n<p>&nbsp;<\/p>\n<p>&nbsp;<\/p>\n<p>&nbsp;<\/p>\n<p>&nbsp;<\/p>\n<h6>\n\t\tMannschaftsbericht erstellt am 21.5.2023\n\t<\/h6>\n\t\t\t\t<img loading=\"lazy\" decoding=\"async\" src=\"https:\/\/www.forever66.ch\/wp-content\/uploads\/2023\/05\/8B303440-EBB8-4094-9996-ED81548D30DD-scaled.jpeg\" alt=\"8B303440-EBB8-4094-9996-ED81548D30DD\" itemprop=\"image\" height=\"1920\" width=\"2560\" title=\"8B303440-EBB8-4094-9996-ED81548D30DD\" onerror=\"this.style.display='none'\"  \/>\n\t\t\t\t<img loading=\"lazy\" decoding=\"async\" src=\"https:\/\/www.forever66.ch\/wp-content\/uploads\/2023\/05\/Rangliste-nach-Runde-2-IC-Saison-2023.jpg\" alt=\"Rangliste nach Runde 2 IC Saison 2023\" itemprop=\"image\" height=\"251\" width=\"556\" title=\"Rangliste nach Runde 2 IC Saison 2023\" onerror=\"this.style.display='none'\"  \/>\n<h3>\n\t\tViertes Interclub Spiel &#8211; TC Zell (Away)\n\t<\/h3>\n<h3>\n\t\tSamstag, 10 Juni 2023 I  Spielbeginn 09:00 Uhr\n\t<\/h3>\n\t<p>Wir traten unser drittes und letztes Gruppenspiel zuhause an und empfingen den formstarken Tennisclub Oberi, welche als Leader unserer Gruppe zu uns anreisten und den Schwung aus der aktiven 1 Liga mitnahmen.<\/p>\n<p>Wir wussten von Beginn weg, dass wir nichts zu verlieren hatten und versuchten unser Heimvorteil auszunutzen. Wir konnten p\u00fcnktlich um 09:00 Uhr starten und Umut durfte Nummer 1 beginnen und der Gegner der Gastmannschaft hatte lediglich 50 Minuten f\u00fcr die beiden Gewinns\u00e4tze, Umut k\u00e4mpfte und versuchte ein Rezept zu finden aber gegen seinen starken und erfahrenen Gegner war er chancenlos und schaffte sogar ein ehren Game zu machen, Endstand war 1:6 0:6 f\u00fcr Thierry Oggenfuss.<\/p>\n<p>Unsere anderen beiden Einzel auf den Courts 2 &amp; 3 Reto hatten leider auch kaum Chancen dagegenhalten und verloren die beiden Spiele 0:6 4:6 G\u00fcnti und Reto 2:6 0:6, somit nach der ersten H\u00e4lfte von den Einzel stand es nach ca. 1h 0:3 f\u00fcr die G\u00e4stemannschaft.<\/p>\n<p><strong>Fazit: 5:1 verloren<\/strong><\/p>\n<ul>\n<li>Der Gegner war klar in allen R\u00e4ngen besser vertreten als wir (2 x R5)<\/li>\n<li>Durchschnittsalter, min. 7 Jahre j\u00fcnger<\/li>\n<li>Gegner eine solide 35+ 2 Liga<\/li>\n<li>Zwei wichtige Spieler abwesen<\/li>\n<\/ul>\n<p>&nbsp;<\/p>\n<p>&nbsp;<\/p>\n<p>&nbsp;<\/p>\n<p>&nbsp;<\/p>\n<h6>\n\t\tMannschaftsbericht erstellt am 19.06..2023\n\t<\/h6>\n\t\t\t\t<img loading=\"lazy\" decoding=\"async\" src=\"https:\/\/www.forever66.ch\/wp-content\/uploads\/2023\/05\/8B303440-EBB8-4094-9996-ED81548D30DD-scaled.jpeg\" alt=\"8B303440-EBB8-4094-9996-ED81548D30DD\" itemprop=\"image\" height=\"1920\" width=\"2560\" title=\"8B303440-EBB8-4094-9996-ED81548D30DD\" onerror=\"this.style.display='none'\"  \/>\n\t\t\t\t<img loading=\"lazy\" decoding=\"async\" src=\"https:\/\/www.forever66.ch\/wp-content\/uploads\/2023\/05\/Rangliste-nach-Runde-2-IC-Saison-2023.jpg\" alt=\"Rangliste nach Runde 2 IC Saison 2023\" itemprop=\"image\" height=\"251\" width=\"556\" title=\"Rangliste nach Runde 2 IC Saison 2023\" onerror=\"this.style.display='none'\"  \/>\n\t\t\t\t\t\t\tM\u00f6gliche Punkte\n\t\t\t36\n\t\t\t\t\t\t\tTotal Team\n\t\t\t7\n\t\t\t\t\t\t\tPunkte\n\t\t\t\t\t\t\tTotal S\u00e4tze Begegnung\n\t\t\t24\n\t\t\t\t\t\t\tTotal Gewinns\u00e4tze\n\t\t\t7\n<h3>\n\t\tInterclub Auswertung\n\t<\/h3>\n\n","protected":false},"excerpt":{"rendered":"<p>Interclub Saison 2023 Ziel: Ligaerhalt in die 35+ 2L Herren Unser Ziel f\u00fcr die kommende Interclub Saison 2023 war fr\u00fchzeitig den Ligaerhalt in der 35+ 2 Liga Herren Gruppe 14 zu sichern. Damit wir unser Saisonziel erreichen k\u00f6nnen, m\u00fcssen wir in der Gruppe 14 ersten oder zweiten werden, ansonsten gehen wir in die Abstiegsrunde und&hellip;<\/p>\n","protected":false},"author":2,"featured_media":0,"parent":0,"menu_order":0,"comment_status":"closed","ping_status":"closed","template":"","meta":{"_price":"","_stock":"","_tribe_ticket_header":"","_tribe_default_ticket_provider":"","_tribe_ticket_capacity":"0","_ticket_start_date":"","_ticket_end_date":"","_tribe_ticket_show_description":"","_tribe_ticket_show_not_going":false,"_tribe_ticket_use_global_stock":"","_tribe_ticket_global_stock_level":"","_global_stock_mode":"","_global_stock_cap":"","_tribe_rsvp_for_event":"","_tribe_ticket_going_count":"","_tribe_ticket_not_going_count":"","_tribe_tickets_list":"[]","_tribe_ticket_has_attendee_info_fields":false,"two_page_speed":[],"footnotes":"","_tec_slr_enabled":"","_tec_slr_layout":""},"class_list":["post-1240","page","type-page","status-publish","hentry"],"ticketed":false,"_links":{"self":[{"href":"https:\/\/www.forever66.ch\/index.php\/wp-json\/wp\/v2\/pages\/1240","targetHints":{"allow":["GET"]}}],"collection":[{"href":"https:\/\/www.forever66.ch\/index.php\/wp-json\/wp\/v2\/pages"}],"about":[{"href":"https:\/\/www.forever66.ch\/index.php\/wp-json\/wp\/v2\/types\/page"}],"author":[{"embeddable":true,"href":"https:\/\/www.forever66.ch\/index.php\/wp-json\/wp\/v2\/users\/2"}],"replies":[{"embeddable":true,"href":"https:\/\/www.forever66.ch\/index.php\/wp-json\/wp\/v2\/comments?post=1240"}],"version-history":[{"count":3,"href":"https:\/\/www.forever66.ch\/index.php\/wp-json\/wp\/v2\/pages\/1240\/revisions"}],"predecessor-version":[{"id":2148,"href":"https:\/\/www.forever66.ch\/index.php\/wp-json\/wp\/v2\/pages\/1240\/revisions\/2148"}],"wp:attachment":[{"href":"https:\/\/www.forever66.ch\/index.php\/wp-json\/wp\/v2\/media?parent=1240"}],"curies":[{"name":"wp","href":"https:\/\/api.w.org\/{rel}","templated":true}]}}