{"id":150,"date":"2021-12-12T15:54:00","date_gmt":"2021-12-12T14:54:00","guid":{"rendered":"https:\/\/www.forever66.ch\/?page_id=150"},"modified":"2023-03-05T11:01:28","modified_gmt":"2023-03-05T10:01:28","slug":"saison-2022","status":"publish","type":"page","link":"https:\/\/www.forever66.ch\/index.php\/saison-2022\/","title":{"rendered":"Saison 2022"},"content":{"rendered":"\n<h1>\n\t\t<a href=\"https:\/\/comp.swisstennis.ch\/ic\/servlet\/GrpResults?Lang=D&#038;device=&#038;LigueId=18&#038;GroupNb=6&#038;btnOK=\" title=\"Interclub Saison 2022 - 35+ 3 Liga Herren (Gruppe 6)\" target=\"_self\" rel=\"noopener\">\n\t\tInterclub Saison 2022 &#8211; 35+ 3 Liga Herren (Gruppe 6)\n\t\t<\/a>\n\t<\/h1>\n\t\t\t\t<img loading=\"lazy\" decoding=\"async\" src=\"https:\/\/www.forever66.ch\/wp-content\/uploads\/2022\/03\/Target_Ziel_ricardo-arce-cY_TCKr5bek-unsplash-2048x1414.jpg\" alt=\"Target_Ziel_ricardo-arce-cY_TCKr5bek-unsplash\" itemprop=\"image\" height=\"829\" width=\"1200\" title=\"Target_Ziel_ricardo-arce-cY_TCKr5bek-unsplash\" onerror=\"this.style.display='none'\"  \/>\n<h2>\n\t\tZiel: Wiederaufstieg in die 35+ 2L Herren \n\t<\/h2>\n\t<p>Unser Ziel war f\u00fcr die Interclub Saison 2022, den direkten Wiederaufstieg in die 35+ 2 Liga Herren anzustreben. Damit wir den Aufstieg auch sicherstellen konnten, brauchten wir, ca. 33-35 Punkte von den Total 45 machbaren Punkten aus allen Interclub-Begegnungen.<\/p>\n\t\t\t<a href=\"https:\/\/www.forever66.ch\/wp-content\/uploads\/2022\/03\/20220318_Kick-Off-Meeting-TC-Blau-Weiss-Uster-V2_sign.pdf\" target=\"_self\" role=\"button\" rel=\"noopener\">\n\t\t\t\t\t\t\tPr\u00e4sentation Kick-Off Meeting IC Saison 2022\n\t\t\t<\/a>\n\t\t\t\t<img loading=\"lazy\" decoding=\"async\" src=\"https:\/\/www.forever66.ch\/wp-content\/uploads\/2022\/09\/20220507_Dinner-Foto-scaled.jpg\" alt=\"20220507_Dinner Foto\" itemprop=\"image\" height=\"1920\" width=\"2560\" title=\"20220507_Dinner Foto\" onerror=\"this.style.display='none'\"  \/>\n<h4>\n\t\tSamstag, 7. Mai 2022 um 14.00 Uhr\n\t<\/h4>\n<h2>\n\t\t1. Interclub Runde TC Schwerzenbach (Away)\n\t<\/h2>\n\t<p>Ich durfte als neuer Captain mit meinem motivierten Team das Erstrundenspiel in der 35+ 3. Liga ausw\u00e4rts beim TC Schwerzenbach antreten und wir konnten ohne M\u00fche 7:2 gewinnen. Nach dem Spiel hat uns der K\u00fcchenchef &#8222;Richi&#8220; (<a href=\"mailto:spielleiter@tcschwerzenbach.ch&gt;;\">Richard Hedinger<\/a>) super bekocht und mit Getr\u00e4nken versorgt und dass wir den zweiten Teil so richtig geniessen konnten. Die Begegnung bleibt uns noch lange gut und unvergesslich in Erinnerung.<\/p>\n\t\t\t<a href=\"https:\/\/tcschwerzenbach.ch\/mannschaften\/teamPortrait\/mitglieder\/41656\" target=\"_self\" role=\"button\" rel=\"noopener\">\n\t\t\t\t\t\t\tRangliste nach der 1 Runde\n\t\t\t<\/a>\n\t\t\t\t<img loading=\"lazy\" decoding=\"async\" src=\"https:\/\/www.forever66.ch\/wp-content\/uploads\/2022\/09\/20220515_Apero-mit-dem-TC-Schleitheim-scaled.jpg\" alt=\"20220515_Apero mit dem TC Schleitheim\" itemprop=\"image\" height=\"1920\" width=\"2560\" title=\"20220515_Apero mit dem TC Schleitheim\" onerror=\"this.style.display='none'\"  \/>\n<h4>\n\t\tSonntag, 15. Mai 2022, 13.30 Uhr\n\t<\/h4>\n<h2>\n\t\t2. Interclub Runde TC Schleitheim (Away) beim TC Beringen\n\t<\/h2>\n\t<p>Das zweite Ausw\u00e4rtsspiel durften wir beim TC Schleitheim beim Nachbarsclub TC Beringen wegen Platzsanierungen austragen und wir konnten einen Kantersieg 9:0 sicherstellen. Wir waren auf allen R\u00e4ngen, min. 1-2 Spielst\u00e4rken besser besetzt und Umut unser Neuzugang hatte einen perfekten Einstand in der Mannschaft und gewann souver\u00e4n 6:1 6:2.<\/p>\n\t\t\t<a href=\"\" target=\"_self\" role=\"button\" rel=\"noopener\">\n\t\t\t\t\t\t\tRangliste nach der 2 Runde\n\t\t\t<\/a>\n\t\t\t\t<img loading=\"lazy\" decoding=\"async\" src=\"https:\/\/www.forever66.ch\/wp-content\/uploads\/2022\/09\/20220521_Essen-mit-den-Gastclub-TC-Witikon-scaled.jpg\" alt=\"20220521_Essen mit den Gastclub TC Witikon\" itemprop=\"image\" height=\"1920\" width=\"2560\" title=\"20220521_Essen mit den Gastclub TC Witikon\" onerror=\"this.style.display='none'\"  \/>\n<h4>\n\t\tSamstag, 21. Mai 2022, 9.00 UHR\n\t<\/h4>\n<h2>\n\t\t3. Interclub Runde TC Witikon (Home)\n\t<\/h2>\n\t<p>Wir haben das erste Heimspiel als Gruppenleader nach zwei Runden den TC Witikon begr\u00fcssen d\u00fcrfen und nach einer halben Stunden Spielstand, sah es schon so aus, wir paar S\u00e4tze\/Einzeln verlieren w\u00fcrden, dank der grossen Mannschaftsleistung und unser Ziel -&gt; Fokus auf den Wiederaufstieg haben wir den Hebel noch rechtzeitig umdrehen k\u00f6nnen und am Schluss verdient mit 8:1 gewonnen.<\/p>\n\t\t\t<a href=\"\" target=\"_self\" role=\"button\" rel=\"noopener\">\n\t\t\t\t\t\t\tRanlingste nach der 3 Runde\n\t\t\t<\/a>\n<h4>\n\t\tSonntag, 12. Juni 2022,  13.00 Uhr\n\t<\/h4>\n<h2>\n\t\t4. Interclub Runde TC Herblingen (Away)\n\t<\/h2>\n\t<p>Wir durften das vierte und wichtigste Gruppenspiel ersten gegen zweiten ausw\u00e4rts beim TC Herblingen bestreiten. Wir wussten schon von Beginn weg, hier ist der Wegweiser in die 2. Liga, verlieren auf keinen Fall und mit unserer Top-Mannschaftseinstellung konnten wir am Schluss die Begegnung 8:1 f\u00fcr uns entscheiden und der Aufstieg war somit eine Runde vor Schluss um 18:30 Uhr erfolgreich geschafft. Herzliche Gratulation! Nach der IC-Begegnung genossen wir noch paar k\u00fchle Blonde Bier bei sommerlichen Temperaturen,\u00a0ca. 30 Grad in Herblingen (Kanton SH).<\/p>\n\t\t\t<a href=\"\" target=\"_self\" role=\"button\" rel=\"noopener\">\n\t\t\t\t\t\t\tRangliste nach der 4 Runde\n\t\t\t<\/a>\n<h4>\n\t\tSamstag, 18. Juni 2022, 09.00 uhr\n\t<\/h4>\n<h2>\n\t\t5. Interclub Runde TC Hinwil (Home)\n\t<\/h2>\n\t<p>Das zweite Heimspiel und somit das letzte Gruppenspiel von f\u00fcnf haben wir den TC Hinwil empfangen und konnten ohne Druck wegen fr\u00fchzeitigen Aufstieg locker aufspielen und gewannen die Partie mit 7:2. Wir haben anschliessend im Clubhaus die IC-Saison gem\u00fctlich mit unserer Gastmannschaft ausklingen lassen. Wir haben souver\u00e4n den ersten Platz mit 39 Punkten sicherstellen k\u00f6nnen, den Zweiten in der Gruppe 6, TC Herblingen mit 14 Differenzpunkten distanziert.<\/p>\n\t\t\t<a href=\"\" target=\"_self\" role=\"button\" rel=\"noopener\">\n\t\t\t\t\t\t\tRangliste nach der 5 Runde\n\t\t\t<\/a>\n<h2>\n\t\tHerzlichen Dank an alle f\u00fcr die grossartige Performance und freue mich n\u00e4chstes Jahr 2023 wieder mit euch in der 35+ 2 Liga Herren zu spielen. \n\t<\/h2>\n<h2>\n\t\t<a href=\"https:\/\/www.mytennis.ch\/de\/interclub\/teamergebnisse?teamId=10230\" title=\"Ranglinste nach 5 Runden (Stand, 20. Juni 2022)\" target=\"_self\" rel=\"noopener\">\n\t\tRanglinste nach 5 Runden (Stand, 20. Juni 2022)\n\t\t<\/a>\n\t<\/h2>\n\t\t\t\t<a href=\"https:\/\/comp.swisstennis.ch\/ic\/servlet\/GrpResults?Lang=D&#038;device=&#038;LigueId=18&#038;GroupNb=6&#038;btnOK=\" target=\"_self\" itemprop=\"url\" rel=\"noopener\">\n\t\t\t\t<img loading=\"lazy\" decoding=\"async\" src=\"https:\/\/www.forever66.ch\/wp-content\/uploads\/2022\/09\/IC-Begegnungen-nach-allen-Gruppenspielen.png\" alt=\"IC Begegnungen nach allen Gruppenspielen\" itemprop=\"image\" height=\"691\" width=\"1099\" title=\"IC Begegnungen nach allen Gruppenspielen\" onerror=\"this.style.display='none'\"  \/>\n\t\t\t\t<\/a>\n<h2>\n\t\tFAZIT\n\t<\/h2>\n\t<p>Unsere Interclub Gruppe 6, 35+ 3 Liga Herren bestand aus sechs Mannschaften und somit konnten max. 45 Punkte sichergestellt werden. Dank der grossen Mannschaftsleistung wurden 39 erfolgreiche Punkte sichergestellt. Was von meiner Sicht her auf eine ausgezeichnete Interclub-Saison hindeutet und wir unser Ziel erfolgreich erf\u00fcllt haben. \ud83c\udf8a\ud83e\udd73<\/p>\n\t\t\t<a href=\"https:\/\/www.mytennis.ch\/de\/interclub\/teamergebnisse?teamId=10230\" target=\"_self\" role=\"button\" rel=\"noopener\">\n\t\t\t\t\t\t\t35+ 3L Herren &#8211; Gruppe 6\n\t\t\t<\/a>\n\t\t\t\t<img decoding=\"async\" src=\"https:\/\/www.forever66.ch\/wp-content\/plugins\/bb-plugin\/img\/pixel.png\" alt=\"\" itemprop=\"image\" onerror=\"this.style.display='none'\"  \/>\n\t\t\t\t<img decoding=\"async\" src=\"https:\/\/www.forever66.ch\/wp-content\/plugins\/bb-plugin\/img\/pixel.png\" alt=\"\" itemprop=\"image\" onerror=\"this.style.display='none'\"  \/>\n\t\t\t\t<img decoding=\"async\" src=\"https:\/\/www.forever66.ch\/wp-content\/plugins\/bb-plugin\/img\/pixel.png\" alt=\"\" itemprop=\"image\" onerror=\"this.style.display='none'\"  \/>\n\t\t\t\t<img decoding=\"async\" src=\"https:\/\/www.forever66.ch\/wp-content\/plugins\/bb-plugin\/img\/pixel.png\" alt=\"\" itemprop=\"image\" onerror=\"this.style.display='none'\"  \/>\n\t\t\t\t<img decoding=\"async\" src=\"https:\/\/www.forever66.ch\/wp-content\/plugins\/bb-plugin\/img\/pixel.png\" alt=\"\" itemprop=\"image\" onerror=\"this.style.display='none'\"  \/>\n\t\t\t\t<img decoding=\"async\" src=\"https:\/\/www.forever66.ch\/wp-content\/plugins\/bb-plugin\/img\/pixel.png\" alt=\"\" itemprop=\"image\" onerror=\"this.style.display='none'\"  \/>\n\n","protected":false},"excerpt":{"rendered":"<p>Interclub Saison 2022 &#8211; 35+ 3 Liga Herren (Gruppe 6) Ziel: Wiederaufstieg in die 35+ 2L Herren Unser Ziel war f\u00fcr die Interclub Saison 2022, den direkten Wiederaufstieg in die 35+ 2 Liga Herren anzustreben. Damit wir den Aufstieg auch sicherstellen konnten, brauchten wir, ca. 33-35 Punkte von den Total 45 machbaren Punkten aus allen&hellip;<\/p>\n","protected":false},"author":1,"featured_media":0,"parent":0,"menu_order":0,"comment_status":"closed","ping_status":"closed","template":"","meta":{"_price":"","_stock":"","_tribe_ticket_header":"","_tribe_default_ticket_provider":"","_tribe_ticket_capacity":"0","_ticket_start_date":"","_ticket_end_date":"","_tribe_ticket_show_description":"","_tribe_ticket_show_not_going":false,"_tribe_ticket_use_global_stock":"","_tribe_ticket_global_stock_level":"","_global_stock_mode":"","_global_stock_cap":"","_tribe_rsvp_for_event":"","_tribe_ticket_going_count":"","_tribe_ticket_not_going_count":"","_tribe_tickets_list":"[]","_tribe_ticket_has_attendee_info_fields":false,"two_page_speed":[],"footnotes":"","_tec_slr_enabled":"","_tec_slr_layout":""},"class_list":["post-150","page","type-page","status-publish","hentry"],"ticketed":false,"_links":{"self":[{"href":"https:\/\/www.forever66.ch\/index.php\/wp-json\/wp\/v2\/pages\/150","targetHints":{"allow":["GET"]}}],"collection":[{"href":"https:\/\/www.forever66.ch\/index.php\/wp-json\/wp\/v2\/pages"}],"about":[{"href":"https:\/\/www.forever66.ch\/index.php\/wp-json\/wp\/v2\/types\/page"}],"author":[{"embeddable":true,"href":"https:\/\/www.forever66.ch\/index.php\/wp-json\/wp\/v2\/users\/1"}],"replies":[{"embeddable":true,"href":"https:\/\/www.forever66.ch\/index.php\/wp-json\/wp\/v2\/comments?post=150"}],"version-history":[{"count":3,"href":"https:\/\/www.forever66.ch\/index.php\/wp-json\/wp\/v2\/pages\/150\/revisions"}],"predecessor-version":[{"id":1640,"href":"https:\/\/www.forever66.ch\/index.php\/wp-json\/wp\/v2\/pages\/150\/revisions\/1640"}],"wp:attachment":[{"href":"https:\/\/www.forever66.ch\/index.php\/wp-json\/wp\/v2\/media?parent=150"}],"curies":[{"name":"wp","href":"https:\/\/api.w.org\/{rel}","templated":true}]}}