{"id":1734,"date":"2023-03-07T19:15:27","date_gmt":"2023-03-07T18:15:27","guid":{"rendered":"https:\/\/www.forever66.ch\/?page_id=1734"},"modified":"2023-03-08T07:04:19","modified_gmt":"2023-03-08T06:04:19","slug":"adelboden-2022-3","status":"publish","type":"page","link":"https:\/\/www.forever66.ch\/index.php\/adelboden-2022-3\/","title":{"rendered":"Adelboden 2022"},"content":{"rendered":"\r\n<h1>Teamevent in Adelboden 14. bis 16. Okt. 2022<\/h1>\r\n<h4>Erinnerungen f\u00fcr die Ewigkeit<\/h4>\r\n<h2>Erinnerungen!<\/h2>\r\n<p>Wir konnten unser Teamevent im Oktober in Adelboden (BE) mit sechs Teamkameraden durchf\u00fchren und das Rahmenprogramm hat Stephan ausgezeichnet organisiert.<b><i>Patrick M\u00fcnger<\/i><\/b><\/p>\r\n<p>Wir durften von Freitag bis Sonntag bei Stephan Unterkunft in Adelboden \u00fcbernachten! Herzlichen Dank nochmals f\u00fcr deine Gastfreundschaft.<em><strong>~ Stephan Walde<\/strong><\/em><\/p>\r\n<p>Wir haben Adelboden unterschiedlich angereist, drei mit dem Auto bereits am Freitagnachmittag und Slavi am Abend bei regnerischem Wetter mit dem T\u00f6ff und am Samstag, Sergio und P\u00e4du mit dem T\u00f6ff bei unterschiedlichem Wetter, Regen, N\u00e4sse und kalt und sp\u00e4ter bei Interlaken hatten wir ausgezeichnetes T\u00f6ff-Wetter<\/p>\r\n<div style=\"width: 640px;\" class=\"wp-video\"><!--[if lt IE 9]><script>document.createElement('video');<\/script><![endif]-->\n<video class=\"wp-video-shortcode\" id=\"video-1734-1\" width=\"640\" height=\"360\" preload=\"metadata\" controls=\"controls\"><source type=\"video\/mp4\" src=\"https:\/\/www.forever66.ch\/wp-content\/uploads\/2023\/03\/20221018_154950000_iOS.mp4?_=1\" \/><a href=\"https:\/\/www.forever66.ch\/wp-content\/uploads\/2023\/03\/20221018_154950000_iOS.mp4\">https:\/\/www.forever66.ch\/wp-content\/uploads\/2023\/03\/20221018_154950000_iOS.mp4<\/a><\/video><\/div>\r\n<p><img loading=\"lazy\" decoding=\"async\" title=\"P\u00e4du mit helm\" src=\"https:\/\/www.forever66.ch\/wp-content\/uploads\/2023\/03\/Paedu-mit-helm-176x300.png\" alt=\"P\u00e4du mit helm\" width=\"176\" height=\"300\" \/><\/p>\r\n<h1>Fotograf P\u00e4du<\/h1>\r\n<p><a href=\"mailto:contact@forever66.ch\">contact@forever66.ch<\/a><\/p>\r\n<h1>Our Blog<\/h1>\r\n<p>Lorem ipsum dolor sit amet, consectetur adipiscing elit.<\/p>\r\n","protected":false},"excerpt":{"rendered":"<p>Teamevent in Adelboden 14. bis 16. Okt. 2022 Erinnerungen f\u00fcr die Ewigkeit Erinnerungen! Wir konnten unser Teamevent im Oktober in Adelboden (BE) mit sechs Teamkameraden durchf\u00fchren und das Rahmenprogramm hat Stephan ausgezeichnet organisiert.Patrick M\u00fcnger Wir durften von Freitag bis Sonntag bei Stephan Unterkunft in Adelboden \u00fcbernachten! Herzlichen Dank nochmals f\u00fcr deine Gastfreundschaft.~ Stephan Walde Wir&hellip;<\/p>\n","protected":false},"author":2,"featured_media":0,"parent":0,"menu_order":0,"comment_status":"closed","ping_status":"closed","template":"","meta":{"_price":"","_stock":"","_tribe_ticket_header":"","_tribe_default_ticket_provider":"","_tribe_ticket_capacity":"0","_ticket_start_date":"","_ticket_end_date":"","_tribe_ticket_show_description":"","_tribe_ticket_show_not_going":false,"_tribe_ticket_use_global_stock":"","_tribe_ticket_global_stock_level":"","_global_stock_mode":"","_global_stock_cap":"","_tribe_rsvp_for_event":"","_tribe_ticket_going_count":"","_tribe_ticket_not_going_count":"","_tribe_tickets_list":"[]","_tribe_ticket_has_attendee_info_fields":false,"two_page_speed":[],"footnotes":"","_tec_slr_enabled":"","_tec_slr_layout":""},"class_list":["post-1734","page","type-page","status-publish","hentry"],"ticketed":false,"_links":{"self":[{"href":"https:\/\/www.forever66.ch\/index.php\/wp-json\/wp\/v2\/pages\/1734","targetHints":{"allow":["GET"]}}],"collection":[{"href":"https:\/\/www.forever66.ch\/index.php\/wp-json\/wp\/v2\/pages"}],"about":[{"href":"https:\/\/www.forever66.ch\/index.php\/wp-json\/wp\/v2\/types\/page"}],"author":[{"embeddable":true,"href":"https:\/\/www.forever66.ch\/index.php\/wp-json\/wp\/v2\/users\/2"}],"replies":[{"embeddable":true,"href":"https:\/\/www.forever66.ch\/index.php\/wp-json\/wp\/v2\/comments?post=1734"}],"version-history":[{"count":3,"href":"https:\/\/www.forever66.ch\/index.php\/wp-json\/wp\/v2\/pages\/1734\/revisions"}],"predecessor-version":[{"id":1795,"href":"https:\/\/www.forever66.ch\/index.php\/wp-json\/wp\/v2\/pages\/1734\/revisions\/1795"}],"wp:attachment":[{"href":"https:\/\/www.forever66.ch\/index.php\/wp-json\/wp\/v2\/media?parent=1734"}],"curies":[{"name":"wp","href":"https:\/\/api.w.org\/{rel}","templated":true}]}}